{"id":218,"date":"2024-01-08T15:36:28","date_gmt":"2024-01-08T14:36:28","guid":{"rendered":"https:\/\/lesmerveillesdeclem-bijoux.com\/?page_id=218"},"modified":"2024-01-08T20:56:48","modified_gmt":"2024-01-08T19:56:48","slug":"conditions-generales-de-vente","status":"publish","type":"page","link":"https:\/\/lesmerveillesdeclem-bijoux.com\/index.php\/conditions-generales-de-vente\/","title":{"rendered":"Conditions g\u00e9n\u00e9rales de vente"},"content":{"rendered":"<p>[et_pb_section fb_built=\u00a0\u00bb1&Prime; _builder_version=\u00a0\u00bb4.23.4&Prime; _module_preset=\u00a0\u00bbdefault\u00a0\u00bb global_colors_info=\u00a0\u00bb{}\u00a0\u00bb][et_pb_row _builder_version=\u00a0\u00bb4.23.4&Prime; _module_preset=\u00a0\u00bbdefault\u00a0\u00bb global_colors_info=\u00a0\u00bb{}\u00a0\u00bb][et_pb_column type=\u00a0\u00bb4_4&Prime; _builder_version=\u00a0\u00bb4.23.4&Prime; _module_preset=\u00a0\u00bbdefault\u00a0\u00bb global_colors_info=\u00a0\u00bb{}\u00a0\u00bb][et_pb_text _builder_version=\u00a0\u00bb4.23.4&Prime; _module_preset=\u00a0\u00bbdefault\u00a0\u00bb global_colors_info=\u00a0\u00bb{}\u00a0\u00bb]<\/p>\n<h1>Conditions g\u00e9n\u00e9rales de vente<\/h1>\n<p>[\/et_pb_text][et_pb_text _builder_version=\u00a0\u00bb4.23.4&Prime; _module_preset=\u00a0\u00bbdefault\u00a0\u00bb global_colors_info=\u00a0\u00bb{}\u00a0\u00bb]<\/p>\n<p><strong>Prix<\/strong><span class=\"Apple-converted-space\">\u00a0<\/span><\/p>\n<p>Les prix sont exprim\u00e9s en euros toutes taxes comprises, sur la base de la TVA fran\u00e7aise sans compter les frais de port. Les Merveilles de Clem se reserve le droit de changer les prix sans pr\u00e9avis.<\/p>\n<p><strong>Modalit\u00e9s de paiement<span class=\"Apple-converted-space\">\u00a0<\/span><\/strong><\/p>\n<p>Le r\u00e8glement s&rsquo;effectue par carte bancaire, avec d\u00e9bit au moment de la confirmation de la commande, apr\u00e8s la validation de la banque \u00e9mettrice. Conform\u00e9ment aux recommandations de la CNIL, les transactions sont s\u00e9curis\u00e9es par des pages hautement s\u00e9curis\u00e9es pour la saisie des donn\u00e9es de paiement telles que le num\u00e9ro de carte, la date d&rsquo;expiration et le cryptogramme visuel (selon la norme PCI DSS). Ces informations sont crypt\u00e9es avant d&rsquo;\u00eatre transmises \u00e0 la banque, garantissant leur confidentialit\u00e9 et les pr\u00e9servant de tout acc\u00e8s par un tiers. En cas de paiement refus\u00e9, la commande est totalement annul\u00e9e.<\/p>\n<p><strong>Livraison\u00a0<\/strong><\/p>\n<p>La commande est exp\u00e9di\u00e9e dans un d\u00e9lai de 72h (3 jours) \u00e0 compter du moment de la validation de la commande, ainsi le client re\u00e7oit un mail confirmant l\u2019exp\u00e9dition avec le num\u00e9ro de suivi affili\u00e9 \u00e0 sa commande.<\/p>\n<p>La livraison de la commande est effectu\u00e9e \u00e0 l\u2019adresse indiqu\u00e9e par le client au moment de la commande, il est conseill\u00e9 d\u2019en v\u00e9rifier l\u2019exactitude. Une r\u00e9exp\u00e9dition li\u00e9 \u00e0 une exactitude d\u2019adresse sera \u00e0 la charge du client.<span class=\"Apple-converted-space\">\u00a0<\/span><\/p>\n<p>Les d\u00e9lais de livraison sont ensuite \u00e0 la charge de La Poste, \u00e0 compter environ de 2 \u00e0 5 jours. Cependant, Les merveilles de Clem ne peut \u00eatre tenu responsable d\u2019\u00e9ventuels retards ou pertes.<span class=\"Apple-converted-space\">\u00a0<\/span><\/p>\n<p>Montant de livraison : 3\u20ac<\/p>\n<p><strong>Bijoux\u00a0<\/strong><\/p>\n<p>Les cr\u00e9ations Les Merveilles de Clem sont en acier inoxydable.<\/p>\n<p><span style=\"font-size: 14px;\"><br \/><strong>Droit de r\u00e9tractation <\/strong><\/span><\/p>\n<p><span style=\"font-size: 14px;\">Les Merveilles de Clem s\u2019engage \u00e0 \u00e9changer les produits pr\u00e9sentant des dommages, des d\u00e9fauts apparents ou ne correspondant pas \u00e0 ceux command\u00e9s. Pour ce faire, veuillez nous en informer de mani\u00e8re d\u00e9taill\u00e9e par e-mail : lesmerveillesdeclem@gmail.com . Apr\u00e8s notre approbation, vous pourrez nous renvoyer le ou les produits pour un \u00e9change. Cette demande doit \u00eatre effectu\u00e9e dans les quatre jours ouvr\u00e9s suivant la r\u00e9ception de la livraison. Toute r\u00e9clamation formul\u00e9e en dehors de ce d\u00e9lai ne pourra \u00eatre accept\u00e9e. Les produits doivent \u00eatre retourn\u00e9s dans leur \u00e9tat d&rsquo;origine, accompagn\u00e9s de tous les \u00e9l\u00e9ments fournis. Tout article ne respectant pas ces conditions ne pourra \u00eatre ni repris ni \u00e9chang\u00e9.<\/span><\/p>\n<p>\u00a0Les Merveilles de Clem se r\u00e9serve le droit de refuser un retour si l&rsquo;article est endommag\u00e9, et il sera renvoy\u00e9 au client \u00e0 ses frais.<\/p>\n<p>Le client est responsable de renvoyer le colis par la Poste, en s&rsquo;assurant de la bonne livraison. Il doit conserver la preuve de d\u00e9p\u00f4t du colis aupr\u00e8s du prestataire charg\u00e9 du retour. En l&rsquo;absence de cette preuve, aucun \u00e9change ou remboursement ne pourra \u00eatre effectu\u00e9 en cas de perte du colis.<\/p>\n<p>[\/et_pb_text][\/et_pb_column][\/et_pb_row][\/et_pb_section]<\/p>\n","protected":false},"excerpt":{"rendered":"<p>Conditions g\u00e9n\u00e9rales de ventePrix\u00a0 Les prix sont exprim\u00e9s en euros toutes taxes comprises, sur la base de la TVA fran\u00e7aise sans compter les frais de port. Les Merveilles de Clem se reserve le droit de changer les prix sans pr\u00e9avis. Modalit\u00e9s de paiement\u00a0 Le r\u00e8glement s&rsquo;effectue par carte bancaire, avec d\u00e9bit au moment de la [&hellip;]<\/p>\n","protected":false},"author":1,"featured_media":0,"parent":0,"menu_order":0,"comment_status":"closed","ping_status":"closed","template":"","meta":{"_et_pb_use_builder":"on","_et_pb_old_content":"","_et_gb_content_width":"","footnotes":""},"class_list":["post-218","page","type-page","status-publish","hentry"],"jetpack_sharing_enabled":true,"_links":{"self":[{"href":"https:\/\/lesmerveillesdeclem-bijoux.com\/index.php\/wp-json\/wp\/v2\/pages\/218","targetHints":{"allow":["GET"]}}],"collection":[{"href":"https:\/\/lesmerveillesdeclem-bijoux.com\/index.php\/wp-json\/wp\/v2\/pages"}],"about":[{"href":"https:\/\/lesmerveillesdeclem-bijoux.com\/index.php\/wp-json\/wp\/v2\/types\/page"}],"author":[{"embeddable":true,"href":"https:\/\/lesmerveillesdeclem-bijoux.com\/index.php\/wp-json\/wp\/v2\/users\/1"}],"replies":[{"embeddable":true,"href":"https:\/\/lesmerveillesdeclem-bijoux.com\/index.php\/wp-json\/wp\/v2\/comments?post=218"}],"version-history":[{"count":5,"href":"https:\/\/lesmerveillesdeclem-bijoux.com\/index.php\/wp-json\/wp\/v2\/pages\/218\/revisions"}],"predecessor-version":[{"id":245,"href":"https:\/\/lesmerveillesdeclem-bijoux.com\/index.php\/wp-json\/wp\/v2\/pages\/218\/revisions\/245"}],"wp:attachment":[{"href":"https:\/\/lesmerveillesdeclem-bijoux.com\/index.php\/wp-json\/wp\/v2\/media?parent=218"}],"curies":[{"name":"wp","href":"https:\/\/api.w.org\/{rel}","templated":true}]}}