{"id":223,"date":"2024-01-08T15:40:14","date_gmt":"2024-01-08T14:40:14","guid":{"rendered":"https:\/\/lesmerveillesdeclem-bijoux.com\/?page_id=223"},"modified":"2024-01-08T17:06:44","modified_gmt":"2024-01-08T16:06:44","slug":"mentions-legales","status":"publish","type":"page","link":"https:\/\/lesmerveillesdeclem-bijoux.com\/index.php\/mentions-legales\/","title":{"rendered":"Mentions l\u00e9gales"},"content":{"rendered":"<p>[et_pb_section fb_built=\u00a0\u00bb1&Prime; _builder_version=\u00a0\u00bb4.23.4&Prime; _module_preset=\u00a0\u00bbdefault\u00a0\u00bb global_colors_info=\u00a0\u00bb{}\u00a0\u00bb][et_pb_row _builder_version=\u00a0\u00bb4.23.4&Prime; _module_preset=\u00a0\u00bbdefault\u00a0\u00bb global_colors_info=\u00a0\u00bb{}\u00a0\u00bb][et_pb_column type=\u00a0\u00bb4_4&Prime; _builder_version=\u00a0\u00bb4.23.4&Prime; _module_preset=\u00a0\u00bbdefault\u00a0\u00bb global_colors_info=\u00a0\u00bb{}\u00a0\u00bb][et_pb_text _builder_version=\u00a0\u00bb4.23.4&Prime; _module_preset=\u00a0\u00bbdefault\u00a0\u00bb global_colors_info=\u00a0\u00bb{}\u00a0\u00bb]<\/p>\n<h1>Mentions l\u00e9gales<\/h1>\n<p>[\/et_pb_text][et_pb_text _builder_version=\u00a0\u00bb4.23.4&Prime; _module_preset=\u00a0\u00bbdefault\u00a0\u00bb global_colors_info=\u00a0\u00bb{}\u00a0\u00bb]<\/p>\n<p><b>1) IDENTIT\u00c9<\/b><\/p>\n<p><b>Raison sociale<\/b> : Cl\u00e9mence BEAUVAIS<\/p>\n<p><b>Forme juridique<\/b> : Micro entrepreneur<span class=\"Apple-converted-space\"> &#8211; SIRET 978 912 491 00013<\/span><\/p>\n<p><b>Propri\u00e9t\u00e9<\/b> : Le site lesmerveillesdeclem-bijoux appartient et a \u00e9t\u00e9 \u00e9dit\u00e9 par Cl\u00e9mence Beauvais, cr\u00e9atrice de la marque Les Merveilles de Clem.<\/p>\n<p><b>LES MERVEILLES DE CLEM<\/b> : L\u2019entreprise est d\u00e9tenue par Madame Beauvais Cl\u00e9mence.<\/p>\n<p>\u2013<\/p>\n<p><b>2)\u00a0COORDONN\u00c9ES<\/b><\/p>\n<p><b>Adresse<\/b> : 37 rue Lucie Aubrac 33300 BORDEAUX<\/p>\n<p><b>E-mail<\/b>\u00a0: lesmerveillesdeclem@gmail.com<\/p>\n<p>\u00a0\u2013<\/p>\n<p><b>3) PROPRI\u00c9T\u00c9 INTELLECTUELLE<\/b><\/p>\n<p>Toute reproduction ou repr\u00e9sentation totale ou partielle, par quelque proc\u00e9d\u00e9 que ce soit, de ce site, des logos, des images pouvant y figurer est interdite sans l\u2019autorisation de Les Merveilles de Clem.<\/p>\n<p>\u00a0\u2013<\/p>\n<p><b>4) H\u00c9BERGEMENT\u00a0<\/b><\/p>\n<p><b>Nom de l\u2019h\u00e9bergeur\u00a0: <\/b>OVH<\/p>\n<p><b>Raison sociale\u00a0: <\/b>OVH<\/p>\n<p><b>Adresse\u00a0: <\/b>2 rue Kellermann \u2013 BP 80157 59053 ROUBAIX CEDEX 1<\/p>\n<p>&nbsp;<\/p>\n<p>&nbsp;<\/p>\n<p>[\/et_pb_text][\/et_pb_column][\/et_pb_row][\/et_pb_section]<\/p>\n","protected":false},"excerpt":{"rendered":"<p>Mentions l\u00e9gales1) IDENTIT\u00c9 Raison sociale : Cl\u00e9mence BEAUVAIS Forme juridique : Micro entrepreneur &#8211; SIRET 978 912 491 00013 Propri\u00e9t\u00e9 : Le site lesmerveillesdeclem-bijoux appartient et a \u00e9t\u00e9 \u00e9dit\u00e9 par Cl\u00e9mence Beauvais, cr\u00e9atrice de la marque Les Merveilles de Clem. LES MERVEILLES DE CLEM : L\u2019entreprise est d\u00e9tenue par Madame Beauvais Cl\u00e9mence. \u2013 2)\u00a0COORDONN\u00c9ES Adresse [&hellip;]<\/p>\n","protected":false},"author":1,"featured_media":0,"parent":0,"menu_order":0,"comment_status":"closed","ping_status":"closed","template":"","meta":{"_et_pb_use_builder":"on","_et_pb_old_content":"","_et_gb_content_width":"","footnotes":""},"class_list":["post-223","page","type-page","status-publish","hentry"],"jetpack_sharing_enabled":true,"_links":{"self":[{"href":"https:\/\/lesmerveillesdeclem-bijoux.com\/index.php\/wp-json\/wp\/v2\/pages\/223","targetHints":{"allow":["GET"]}}],"collection":[{"href":"https:\/\/lesmerveillesdeclem-bijoux.com\/index.php\/wp-json\/wp\/v2\/pages"}],"about":[{"href":"https:\/\/lesmerveillesdeclem-bijoux.com\/index.php\/wp-json\/wp\/v2\/types\/page"}],"author":[{"embeddable":true,"href":"https:\/\/lesmerveillesdeclem-bijoux.com\/index.php\/wp-json\/wp\/v2\/users\/1"}],"replies":[{"embeddable":true,"href":"https:\/\/lesmerveillesdeclem-bijoux.com\/index.php\/wp-json\/wp\/v2\/comments?post=223"}],"version-history":[{"count":4,"href":"https:\/\/lesmerveillesdeclem-bijoux.com\/index.php\/wp-json\/wp\/v2\/pages\/223\/revisions"}],"predecessor-version":[{"id":229,"href":"https:\/\/lesmerveillesdeclem-bijoux.com\/index.php\/wp-json\/wp\/v2\/pages\/223\/revisions\/229"}],"wp:attachment":[{"href":"https:\/\/lesmerveillesdeclem-bijoux.com\/index.php\/wp-json\/wp\/v2\/media?parent=223"}],"curies":[{"name":"wp","href":"https:\/\/api.w.org\/{rel}","templated":true}]}}