{"id":621,"date":"2024-05-30T18:14:19","date_gmt":"2024-05-30T16:14:19","guid":{"rendered":"https:\/\/lesmerveillesdeclem-bijoux.com\/?post_type=product&#038;p=621"},"modified":"2024-11-27T16:21:29","modified_gmt":"2024-11-27T15:21:29","slug":"collier-julia","status":"publish","type":"product","link":"https:\/\/lesmerveillesdeclem-bijoux.com\/index.php\/produit\/collier-julia\/","title":{"rendered":"Collier JULIA"},"content":{"rendered":"<p>Collier r\u00e9glable, compos\u00e9 d&rsquo;une cha\u00eene maille dor\u00e9e et de son pendentif cadenas.<\/p>\n<p>Acier inoxydable (100% r\u00e9sistant \u00e0 l&rsquo;eau)<\/p>\n","protected":false},"excerpt":{"rendered":"<p>Collier r\u00e9glable, compos\u00e9 d&rsquo;une cha\u00eene maille dor\u00e9e et de son pendentif cadenas. Acier inoxydable (100% r\u00e9sistant \u00e0 l&rsquo;eau)<\/p>\n","protected":false},"featured_media":623,"comment_status":"open","ping_status":"closed","template":"","meta":{"_et_pb_use_builder":"","_et_pb_old_content":"","_et_gb_content_width":""},"product_brand":[],"product_cat":[18],"product_tag":[],"class_list":{"0":"post-621","1":"product","2":"type-product","3":"status-publish","4":"has-post-thumbnail","6":"product_cat-collier-acier-inoxydable","8":"first","9":"instock","10":"shipping-taxable","11":"purchasable","12":"product-type-simple"},"jetpack_sharing_enabled":true,"_links":{"self":[{"href":"https:\/\/lesmerveillesdeclem-bijoux.com\/index.php\/wp-json\/wp\/v2\/product\/621","targetHints":{"allow":["GET"]}}],"collection":[{"href":"https:\/\/lesmerveillesdeclem-bijoux.com\/index.php\/wp-json\/wp\/v2\/product"}],"about":[{"href":"https:\/\/lesmerveillesdeclem-bijoux.com\/index.php\/wp-json\/wp\/v2\/types\/product"}],"replies":[{"embeddable":true,"href":"https:\/\/lesmerveillesdeclem-bijoux.com\/index.php\/wp-json\/wp\/v2\/comments?post=621"}],"wp:featuredmedia":[{"embeddable":true,"href":"https:\/\/lesmerveillesdeclem-bijoux.com\/index.php\/wp-json\/wp\/v2\/media\/623"}],"wp:attachment":[{"href":"https:\/\/lesmerveillesdeclem-bijoux.com\/index.php\/wp-json\/wp\/v2\/media?parent=621"}],"wp:term":[{"taxonomy":"product_brand","embeddable":true,"href":"https:\/\/lesmerveillesdeclem-bijoux.com\/index.php\/wp-json\/wp\/v2\/product_brand?post=621"},{"taxonomy":"product_cat","embeddable":true,"href":"https:\/\/lesmerveillesdeclem-bijoux.com\/index.php\/wp-json\/wp\/v2\/product_cat?post=621"},{"taxonomy":"product_tag","embeddable":true,"href":"https:\/\/lesmerveillesdeclem-bijoux.com\/index.php\/wp-json\/wp\/v2\/product_tag?post=621"}],"curies":[{"name":"wp","href":"https:\/\/api.w.org\/{rel}","templated":true}]}}