{"id":650,"date":"2024-05-31T18:00:37","date_gmt":"2024-05-31T16:00:37","guid":{"rendered":"https:\/\/lesmerveillesdeclem-bijoux.com\/?post_type=product&#038;p=650"},"modified":"2024-11-27T16:21:46","modified_gmt":"2024-11-27T15:21:46","slug":"bracelet-luna","status":"publish","type":"product","link":"https:\/\/lesmerveillesdeclem-bijoux.com\/index.php\/produit\/bracelet-luna\/","title":{"rendered":"Bracelet LUNA"},"content":{"rendered":"<p>Bracelet dor\u00e9 avec cha\u00eene et connecteur lune, parfait pour habiller vos jolis poignets.<\/p>\n<p>Acier inoxydable (100% r\u00e9sistant \u00e0 l&rsquo;eau)<\/p>\n","protected":false},"excerpt":{"rendered":"<p>Bracelet dor\u00e9 avec cha\u00eene et connecteur lune, parfait pour habiller vos jolis poignets. Acier inoxydable (100% r\u00e9sistant \u00e0 l&rsquo;eau)<\/p>\n","protected":false},"featured_media":649,"comment_status":"open","ping_status":"closed","template":"","meta":{"_et_pb_use_builder":"","_et_pb_old_content":"","_et_gb_content_width":""},"product_brand":[],"product_cat":[16],"product_tag":[],"class_list":{"0":"post-650","1":"product","2":"type-product","3":"status-publish","4":"has-post-thumbnail","6":"product_cat-bracelet-acier-inoxydable","8":"first","9":"instock","10":"shipping-taxable","11":"purchasable","12":"product-type-simple"},"jetpack_sharing_enabled":true,"_links":{"self":[{"href":"https:\/\/lesmerveillesdeclem-bijoux.com\/index.php\/wp-json\/wp\/v2\/product\/650","targetHints":{"allow":["GET"]}}],"collection":[{"href":"https:\/\/lesmerveillesdeclem-bijoux.com\/index.php\/wp-json\/wp\/v2\/product"}],"about":[{"href":"https:\/\/lesmerveillesdeclem-bijoux.com\/index.php\/wp-json\/wp\/v2\/types\/product"}],"replies":[{"embeddable":true,"href":"https:\/\/lesmerveillesdeclem-bijoux.com\/index.php\/wp-json\/wp\/v2\/comments?post=650"}],"wp:featuredmedia":[{"embeddable":true,"href":"https:\/\/lesmerveillesdeclem-bijoux.com\/index.php\/wp-json\/wp\/v2\/media\/649"}],"wp:attachment":[{"href":"https:\/\/lesmerveillesdeclem-bijoux.com\/index.php\/wp-json\/wp\/v2\/media?parent=650"}],"wp:term":[{"taxonomy":"product_brand","embeddable":true,"href":"https:\/\/lesmerveillesdeclem-bijoux.com\/index.php\/wp-json\/wp\/v2\/product_brand?post=650"},{"taxonomy":"product_cat","embeddable":true,"href":"https:\/\/lesmerveillesdeclem-bijoux.com\/index.php\/wp-json\/wp\/v2\/product_cat?post=650"},{"taxonomy":"product_tag","embeddable":true,"href":"https:\/\/lesmerveillesdeclem-bijoux.com\/index.php\/wp-json\/wp\/v2\/product_tag?post=650"}],"curies":[{"name":"wp","href":"https:\/\/api.w.org\/{rel}","templated":true}]}}