{"id":809,"date":"2024-07-21T18:45:42","date_gmt":"2024-07-21T16:45:42","guid":{"rendered":"https:\/\/lesmerveillesdeclem-bijoux.com\/index.php\/produit\/bague-abby\/"},"modified":"2024-11-27T15:43:17","modified_gmt":"2024-11-27T14:43:17","slug":"bague-abby","status":"publish","type":"product","link":"https:\/\/lesmerveillesdeclem-bijoux.com\/index.php\/produit\/bague-abby\/","title":{"rendered":"Bague ABBY"},"content":{"rendered":"<p>Bague dor\u00e9e fine et \u00e9l\u00e9gante, en acier inoxydable, 100% r\u00e9sistante \u00e0 l&rsquo;eau !<\/p>\n","protected":false},"excerpt":{"rendered":"<p>Bague dor\u00e9e fine et \u00e9l\u00e9gante, en acier inoxydable, 100% r\u00e9sistante \u00e0 l&rsquo;eau !<\/p>\n","protected":false},"featured_media":880,"comment_status":"open","ping_status":"closed","template":"","meta":{"_et_pb_use_builder":"","_et_pb_old_content":"","_et_gb_content_width":""},"product_brand":[],"product_cat":[19],"product_tag":[],"class_list":{"0":"post-809","1":"product","2":"type-product","3":"status-publish","4":"has-post-thumbnail","6":"product_cat-bague-acier-inoxydable","8":"first","9":"outofstock","10":"shipping-taxable","11":"purchasable","12":"product-type-variable"},"jetpack_sharing_enabled":true,"_links":{"self":[{"href":"https:\/\/lesmerveillesdeclem-bijoux.com\/index.php\/wp-json\/wp\/v2\/product\/809","targetHints":{"allow":["GET"]}}],"collection":[{"href":"https:\/\/lesmerveillesdeclem-bijoux.com\/index.php\/wp-json\/wp\/v2\/product"}],"about":[{"href":"https:\/\/lesmerveillesdeclem-bijoux.com\/index.php\/wp-json\/wp\/v2\/types\/product"}],"replies":[{"embeddable":true,"href":"https:\/\/lesmerveillesdeclem-bijoux.com\/index.php\/wp-json\/wp\/v2\/comments?post=809"}],"wp:featuredmedia":[{"embeddable":true,"href":"https:\/\/lesmerveillesdeclem-bijoux.com\/index.php\/wp-json\/wp\/v2\/media\/880"}],"wp:attachment":[{"href":"https:\/\/lesmerveillesdeclem-bijoux.com\/index.php\/wp-json\/wp\/v2\/media?parent=809"}],"wp:term":[{"taxonomy":"product_brand","embeddable":true,"href":"https:\/\/lesmerveillesdeclem-bijoux.com\/index.php\/wp-json\/wp\/v2\/product_brand?post=809"},{"taxonomy":"product_cat","embeddable":true,"href":"https:\/\/lesmerveillesdeclem-bijoux.com\/index.php\/wp-json\/wp\/v2\/product_cat?post=809"},{"taxonomy":"product_tag","embeddable":true,"href":"https:\/\/lesmerveillesdeclem-bijoux.com\/index.php\/wp-json\/wp\/v2\/product_tag?post=809"}],"curies":[{"name":"wp","href":"https:\/\/api.w.org\/{rel}","templated":true}]}}