{"id":899,"date":"2024-11-27T15:56:33","date_gmt":"2024-11-27T14:56:33","guid":{"rendered":"https:\/\/lesmerveillesdeclem-bijoux.com\/index.php\/produit\/jonc-alice-a-lunite\/"},"modified":"2024-11-27T15:56:42","modified_gmt":"2024-11-27T14:56:42","slug":"jonc-alice-a-lunite","status":"publish","type":"product","link":"https:\/\/lesmerveillesdeclem-bijoux.com\/index.php\/produit\/jonc-alice-a-lunite\/","title":{"rendered":"Jonc ALICE \u00e0 l\u2019unit\u00e9"},"content":{"rendered":"<p>Jonc dor\u00e9 \u00e0 accumuler<\/p>\n","protected":false},"excerpt":{"rendered":"<p>Jonc dor\u00e9 \u00e0 accumuler<\/p>\n","protected":false},"featured_media":898,"comment_status":"open","ping_status":"closed","template":"","meta":{"_et_pb_use_builder":"","_et_pb_old_content":"","_et_gb_content_width":""},"product_brand":[],"product_cat":[16,33],"product_tag":[],"class_list":{"0":"post-899","1":"product","2":"type-product","3":"status-publish","4":"has-post-thumbnail","6":"product_cat-bracelet-acier-inoxydable","7":"product_cat-collection-noel","9":"first","10":"instock","11":"shipping-taxable","12":"purchasable","13":"product-type-simple"},"jetpack_sharing_enabled":true,"_links":{"self":[{"href":"https:\/\/lesmerveillesdeclem-bijoux.com\/index.php\/wp-json\/wp\/v2\/product\/899","targetHints":{"allow":["GET"]}}],"collection":[{"href":"https:\/\/lesmerveillesdeclem-bijoux.com\/index.php\/wp-json\/wp\/v2\/product"}],"about":[{"href":"https:\/\/lesmerveillesdeclem-bijoux.com\/index.php\/wp-json\/wp\/v2\/types\/product"}],"replies":[{"embeddable":true,"href":"https:\/\/lesmerveillesdeclem-bijoux.com\/index.php\/wp-json\/wp\/v2\/comments?post=899"}],"wp:featuredmedia":[{"embeddable":true,"href":"https:\/\/lesmerveillesdeclem-bijoux.com\/index.php\/wp-json\/wp\/v2\/media\/898"}],"wp:attachment":[{"href":"https:\/\/lesmerveillesdeclem-bijoux.com\/index.php\/wp-json\/wp\/v2\/media?parent=899"}],"wp:term":[{"taxonomy":"product_brand","embeddable":true,"href":"https:\/\/lesmerveillesdeclem-bijoux.com\/index.php\/wp-json\/wp\/v2\/product_brand?post=899"},{"taxonomy":"product_cat","embeddable":true,"href":"https:\/\/lesmerveillesdeclem-bijoux.com\/index.php\/wp-json\/wp\/v2\/product_cat?post=899"},{"taxonomy":"product_tag","embeddable":true,"href":"https:\/\/lesmerveillesdeclem-bijoux.com\/index.php\/wp-json\/wp\/v2\/product_tag?post=899"}],"curies":[{"name":"wp","href":"https:\/\/api.w.org\/{rel}","templated":true}]}}